{"id":8,"date":"2012-12-12T20:54:00","date_gmt":"2012-12-12T20:54:00","guid":{"rendered":"http:\/\/chaosclub.org\/?page_id=8"},"modified":"2025-01-17T18:50:33","modified_gmt":"2025-01-17T17:50:33","slug":"ich","status":"publish","type":"page","link":"https:\/\/chaosclub.org\/?page_id=8","title":{"rendered":"ICH!"},"content":{"rendered":"<p>Wer und was ich bin ist eigentlich unwichtig, dieser Blog ist f\u00fcr Freunde und Bekannte gedacht und die Leute, die meine Interessen teilen. Entgegen dem Trend, bin ich ein Stadtfl\u00fcchtling und wohne in einem kleinen Dorf, zwischen Hamburg und Berlin.<\/p>\n<p>Seit ein paar Jahren spiele ich beruflich mit Schall. Als Ultraschallpr\u00fcfer f\u00fcr nahtlose Gasdruckbeh\u00e4lter sorge ich daf\u00fcr, das der Sodastream nicht zur Rakete wird und &#8222;der Geist&#8220; in der Flasche bleibt. Wer jetzt an den Arzt denkt, liegt falsch. Viele Kurven, rote, wei\u00dfe, gelbe, blaue und rosa Marker muss man auswerten und einordnen k\u00f6nnen, um den Zustand des Pr\u00fcflings einzusch\u00e4tzen.<\/p>\n<p>Wer wie ich, die 40 hinter sich gelassen hat, sollte eigentlich genug Dinge haben, \u00fcber die er schreiben kann oder die ihn aufregen. Dabei wird es hier mehrere Themenstr\u00e4nge geben, ganz klar sind Linux, \u00e4ltere Computer, aber auch Politik und &#8211; sagen wir mal Leute beschummeln. Meine Basteleien nicht zu vergessen. Mit Sicherheit auch einige Reparatur- und Bastelanleitungen, sowie Kinder, Pflegekinder und anderes soziales Engagement.<\/p>\n<p><span style=\"color: #800000;\"><em><strong>Achtung, wer sich hier Anleitungen ansieht und dann selbst probiert- ich lehne jede Verantwortung ab und hafte auch nicht f\u00fcr Dinge \/Sch\u00e4den die daraus resultieren. Jeder muss selbst wissen was er tut&#8230;<\/strong><\/em><\/span><\/p>\n<p>Viel Spa\u00df beim bl\u00e4ttern&#8230;<\/p>\n","protected":false},"excerpt":{"rendered":"<p>Wer und was ich bin ist eigentlich unwichtig, dieser Blog ist f\u00fcr Freunde und Bekannte gedacht und die Leute, die meine Interessen teilen. Entgegen dem Trend, bin ich ein Stadtfl\u00fcchtling und wohne in einem kleinen Dorf, zwischen Hamburg und Berlin. &hellip; <a href=\"https:\/\/chaosclub.org\/?page_id=8\">Weiterlesen <span class=\"meta-nav\">&rarr;<\/span><\/a><\/p>\n","protected":false},"author":1,"featured_media":0,"parent":0,"menu_order":0,"comment_status":"open","ping_status":"open","template":"","meta":{"footnotes":""},"class_list":["post-8","page","type-page","status-publish","hentry"],"aioseo_notices":[],"_links":{"self":[{"href":"https:\/\/chaosclub.org\/index.php?rest_route=\/wp\/v2\/pages\/8","targetHints":{"allow":["GET"]}}],"collection":[{"href":"https:\/\/chaosclub.org\/index.php?rest_route=\/wp\/v2\/pages"}],"about":[{"href":"https:\/\/chaosclub.org\/index.php?rest_route=\/wp\/v2\/types\/page"}],"author":[{"embeddable":true,"href":"https:\/\/chaosclub.org\/index.php?rest_route=\/wp\/v2\/users\/1"}],"replies":[{"embeddable":true,"href":"https:\/\/chaosclub.org\/index.php?rest_route=%2Fwp%2Fv2%2Fcomments&post=8"}],"version-history":[{"count":8,"href":"https:\/\/chaosclub.org\/index.php?rest_route=\/wp\/v2\/pages\/8\/revisions"}],"predecessor-version":[{"id":2597,"href":"https:\/\/chaosclub.org\/index.php?rest_route=\/wp\/v2\/pages\/8\/revisions\/2597"}],"wp:attachment":[{"href":"https:\/\/chaosclub.org\/index.php?rest_route=%2Fwp%2Fv2%2Fmedia&parent=8"}],"curies":[{"name":"wp","href":"https:\/\/api.w.org\/{rel}","templated":true}]}}